{"id":6443,"date":"2021-10-05T13:05:24","date_gmt":"2021-10-05T13:05:24","guid":{"rendered":"https:\/\/themepanthers.com\/wp\/creote\/v-new\/?page_id=10"},"modified":"2024-04-15T17:01:47","modified_gmt":"2024-04-15T17:01:47","slug":"about-us","status":"publish","type":"page","link":"https:\/\/erenkara.com\/keynes\/about-us\/","title":{"rendered":"About Us"},"content":{"rendered":"\t\t<div data-elementor-type=\"wp-page\" data-elementor-id=\"6443\" class=\"elementor elementor-6443\">\n\t\t\t\t\t\t<section class=\"elementor-section elementor-top-section elementor-element elementor-element-0a7202d elementor-section-boxed elementor-section-height-default elementor-section-height-default\" data-id=\"0a7202d\" data-element_type=\"section\">\n\t\t\t\t\t\t<div class=\"elementor-container elementor-column-gap-default\">\n\t\t\t\t\t<div class=\"elementor-column elementor-col-50 elementor-top-column elementor-element elementor-element-55138ff\" data-id=\"55138ff\" data-element_type=\"column\">\n\t\t\t<div class=\"elementor-widget-wrap elementor-element-populated\">\n\t\t\t\t\t\t<div class=\"elementor-element elementor-element-5d44b56 elementor-widget elementor-widget-creote-title-v1\" data-id=\"5d44b56\" data-element_type=\"widget\" data-widget_type=\"creote-title-v1.default\">\n\t\t\t\t<div class=\"elementor-widget-container\">\n\t\t\t<div class=\"title_all_box style_one  dark_color\">\r\n       <div class=\"title_sections left\">\r\n            <div class=\"before_title\">\r\n          Where We      <\/div>\r\n                                  <div class=\"title\">  Build Your Visions <\/div>\r\n                         <\/div>\r\n               \r\n<\/div>\r\n\t\t<\/div>\n\t\t\t\t<\/div>\n\t\t\t\t<div class=\"elementor-element elementor-element-93bc6ee elementor-widget elementor-widget-creote-extra-content-v1\" data-id=\"93bc6ee\" data-element_type=\"widget\" data-widget_type=\"creote-extra-content-v1.default\">\n\t\t\t\t<div class=\"elementor-widget-container\">\n\t\t\t<div class=\"extra_content image_with_content dark_color\"   data-aos=\"fade-up\" data-aos-delay=\"100\"  data-aos-offset=\"0\" >\r\n      <div class=\"simple_image\">\r\n          <h2> Since 2013,  <br> Operating in Poland.  <\/h2>\r\n   <\/div>\r\n   <\/div>\r\n\t\t<\/div>\n\t\t\t\t<\/div>\n\t\t\t\t<div class=\"elementor-element elementor-element-d1c92db elementor-widget elementor-widget-creote-description-v1\" data-id=\"d1c92db\" data-element_type=\"widget\" data-widget_type=\"creote-description-v1.default\">\n\t\t\t\t<div class=\"elementor-widget-container\">\n\t\t\t<div class=\"description_box\" >\r\n    <p>\nYou have decided to run a business in Poland and don\u2019t know how to do it? Let us to professionally assist you through the company establishment in Poland. We\u2019ll manage your bookkeeping professionally using efficient technology to automate processes. You\u2019ll have clear financial information so that you can focus on your business with confidence Virtual Finance Director From the day we established, we cooperate and support Polish and International business in all kind of formats. We work with individuals such one person company (jednoosobowa dzia\u0142alno\u015b\u0107 gospodarcza) Limited Liability Company -LLC ( SP.z o.o.) as well as big business such as joint-stock companies ( S.A)<\/p>\r\n  <\/div>\r\n\t\t<\/div>\n\t\t\t\t<\/div>\n\t\t\t\t<section class=\"elementor-section elementor-inner-section elementor-element elementor-element-971e1fd elementor-section-full_width elementor-section-height-default elementor-section-height-default\" data-id=\"971e1fd\" data-element_type=\"section\">\n\t\t\t\t\t\t<div class=\"elementor-container elementor-column-gap-no\">\n\t\t\t\t\t<div class=\"elementor-column elementor-col-50 elementor-inner-column elementor-element elementor-element-de1c0b3\" data-id=\"de1c0b3\" data-element_type=\"column\">\n\t\t\t<div class=\"elementor-widget-wrap elementor-element-populated\">\n\t\t\t\t\t\t<div class=\"elementor-element elementor-element-3c3b7fe elementor-widget elementor-widget-creote-iconbox-v1\" data-id=\"3c3b7fe\" data-element_type=\"widget\" data-widget_type=\"creote-iconbox-v1.default\">\n\t\t\t\t<div class=\"elementor-widget-container\">\n\t\t\t<div class=\"icon_box_all  style_two\"   data-aos=\"fade-up\" data-aos-delay=\"0\"  data-aos-offset=\"0\" >\r\n      <div class=\"icon_content  icon_imgs \">\r\n            <div class=\"icon\">\r\n         <img decoding=\"async\" src=\"https:\/\/themepanthers.com\/wp\/creote\/v-new\/wp-content\/uploads\/2021\/10\/icon-img-n-1.png\" class=\"img-fluid svg_image\" alt=\"image\" \/>\r\n      <\/div>\r\n \r\n            <div class=\"txt_content\">\r\n                  <h3>\r\n            <a href=\"#\"  target=&quot;_blank&quot;  rel=&quot;nofollow&quot;>\r\n            Company Advice &amp;\nSupport            <\/a>\r\n         <\/h3>\r\n                        <\/div>\r\n   <\/div>\r\n   \r\n<\/div>\r\n\t\t<\/div>\n\t\t\t\t<\/div>\n\t\t\t\t\t<\/div>\n\t\t<\/div>\n\t\t\t\t<div class=\"elementor-column elementor-col-50 elementor-inner-column elementor-element elementor-element-15439eb\" data-id=\"15439eb\" data-element_type=\"column\">\n\t\t\t<div class=\"elementor-widget-wrap elementor-element-populated\">\n\t\t\t\t\t\t<div class=\"elementor-element elementor-element-18ba6c6 elementor-widget elementor-widget-creote-iconbox-v1\" data-id=\"18ba6c6\" data-element_type=\"widget\" data-widget_type=\"creote-iconbox-v1.default\">\n\t\t\t\t<div class=\"elementor-widget-container\">\n\t\t\t<div class=\"icon_box_all  style_two\"   data-aos=\"fade-up\" data-aos-delay=\"0\"  data-aos-offset=\"0\" >\r\n      <div class=\"icon_content  icon_imgs \">\r\n            <div class=\"icon\">\r\n         <img decoding=\"async\" src=\"https:\/\/themepanthers.com\/wp\/creote\/v-new\/wp-content\/uploads\/2021\/10\/icon-img-n-2.png\" class=\"img-fluid svg_image\" alt=\"image\" \/>\r\n      <\/div>\r\n \r\n            <div class=\"txt_content\">\r\n                  <h3>\r\n            <a href=\"#\"  target=&quot;_blank&quot;  rel=&quot;nofollow&quot;>\r\n            Flexible Company\nPolicies            <\/a>\r\n         <\/h3>\r\n                        <\/div>\r\n   <\/div>\r\n   \r\n<\/div>\r\n\t\t<\/div>\n\t\t\t\t<\/div>\n\t\t\t\t\t<\/div>\n\t\t<\/div>\n\t\t\t\t\t<\/div>\n\t\t<\/section>\n\t\t\t\t<div class=\"elementor-element elementor-element-3327177 elementor-widget elementor-widget-creote-themebtns-v1\" data-id=\"3327177\" data-element_type=\"widget\" data-widget_type=\"creote-themebtns-v1.default\">\n\t\t\t\t<div class=\"elementor-widget-container\">\n\t\t\t<div class=\"theme_btn_all color_one\">\r\n       <a href=\"#\"   target=&quot;_blank&quot;  rel=&quot;nofollow&quot; class=\"theme-btn one\">\r\n   Our Services   <\/a>\r\n   <\/div>\r\n\t\t<\/div>\n\t\t\t\t<\/div>\n\t\t\t\t\t<\/div>\n\t\t<\/div>\n\t\t\t\t<div class=\"elementor-column elementor-col-50 elementor-top-column elementor-element elementor-element-bfd1edc\" data-id=\"bfd1edc\" data-element_type=\"column\">\n\t\t\t<div class=\"elementor-widget-wrap elementor-element-populated\">\n\t\t\t\t\t\t<div class=\"elementor-element elementor-element-a9fb537 elementor-widget elementor-widget-creote-image-box-v1\" data-id=\"a9fb537\" data-element_type=\"widget\" data-widget_type=\"creote-image-box-v1.default\">\n\t\t\t\t<div class=\"elementor-widget-container\">\n\t\t\t<div class=\"image_boxes style_two\" >\r\n      <img decoding=\"async\" src=\"https:\/\/erenkara.com\/keynes\/wp-content\/plugins\/creote-addons\/\/assets\/images\/shape-1.png\" class=\"background_image\" alt=\"image\" \/>\r\n         <div class=\"image one\">\r\n      <img decoding=\"async\" src=\"https:\/\/erenkara.com\/keynes\/wp-content\/uploads\/2021\/10\/banner-2-2-1.jpg\" class=\"img-fluid\" alt=\"image\" \/>\r\n   <\/div>\r\n         <div class=\"image two\">\r\n      <img decoding=\"async\" src=\"https:\/\/themepanthers.com\/wp\/creote\/v-new\/wp-content\/uploads\/2021\/10\/about-us-2-min.png\" class=\"img\" alt=\"image\" \/>\r\n         <\/div>\r\n         <div class=\"authour_quotes\">\r\n      <i class=\"icon-quote\"><\/i>\r\n      <h6>    We Provide The Best Legal And Accounting Services<\/h6>\r\n      <p>   \/Keynes<\/p>\r\n   <\/div>\r\n   <\/div>\r\n \r\n\t\t<\/div>\n\t\t\t\t<\/div>\n\t\t\t\t\t<\/div>\n\t\t<\/div>\n\t\t\t\t\t<\/div>\n\t\t<\/section>\n\t\t\t\t<section class=\"elementor-section elementor-top-section elementor-element elementor-element-562b721 elementor-section-boxed elementor-section-height-default elementor-section-height-default\" data-id=\"562b721\" data-element_type=\"section\" data-settings=\"{&quot;background_background&quot;:&quot;classic&quot;}\">\n\t\t\t\t\t\t<div class=\"elementor-container elementor-column-gap-default\">\n\t\t\t\t\t<div class=\"elementor-column elementor-col-100 elementor-top-column elementor-element elementor-element-8e9c1fb\" data-id=\"8e9c1fb\" data-element_type=\"column\">\n\t\t\t<div class=\"elementor-widget-wrap elementor-element-populated\">\n\t\t\t\t\t\t<div class=\"elementor-element elementor-element-1e9f9ad elementor-widget elementor-widget-creote-title-v1\" data-id=\"1e9f9ad\" data-element_type=\"widget\" data-widget_type=\"creote-title-v1.default\">\n\t\t\t\t<div class=\"elementor-widget-container\">\n\t\t\t<div class=\"title_all_box style_one  dark_color\">\r\n       <div class=\"title_sections center\">\r\n            <div class=\"before_title\">\r\n         Our Business      <\/div>\r\n                                  <div class=\"title\">  Achieve Your Goals with Keynes!<\/div>\r\n                         <\/div>\r\n               \r\n<\/div>\r\n\t\t<\/div>\n\t\t\t\t<\/div>\n\t\t\t\t<section class=\"elementor-section elementor-inner-section elementor-element elementor-element-fe36003 elementor-section-full_width elementor-section-height-default elementor-section-height-default\" data-id=\"fe36003\" data-element_type=\"section\">\n\t\t\t\t\t\t<div class=\"elementor-container elementor-column-gap-default\">\n\t\t\t\t\t<div class=\"elementor-column elementor-col-33 elementor-inner-column elementor-element elementor-element-3e5e5fb\" data-id=\"3e5e5fb\" data-element_type=\"column\">\n\t\t\t<div class=\"elementor-widget-wrap elementor-element-populated\">\n\t\t\t\t\t\t<div class=\"elementor-element elementor-element-be9bbe9 elementor-widget elementor-widget-creote-simple-image-box-v1\" data-id=\"be9bbe9\" data-element_type=\"widget\" data-widget_type=\"creote-simple-image-box-v1.default\">\n\t\t\t\t<div class=\"elementor-widget-container\">\n\t\t\t<div class=\"simple_image_boxes  parallax_cover\"   data-aos=\"fade-up\" data-aos-delay=\"0\"  data-aos-offset=\"0\" >\r\n   <img decoding=\"async\" src=\"https:\/\/themepanthers.com\/wp\/creote\/v-new\/wp-content\/uploads\/2021\/10\/icon-img-ab-1.jpg\" class=\"simp_img cover-parallax\" alt=\"\" \/>\r\n<\/div>\r\n\t\t<\/div>\n\t\t\t\t<\/div>\n\t\t\t\t<div class=\"elementor-element elementor-element-a1307b9 elementor-widget elementor-widget-creote-iconbox-v1\" data-id=\"a1307b9\" data-element_type=\"widget\" data-widget_type=\"creote-iconbox-v1.default\">\n\t\t\t\t<div class=\"elementor-widget-container\">\n\t\t\t<div class=\"icon_box_all  style_three\"   data-aos=\"fade-up\" data-aos-delay=\"0\"  data-aos-offset=\"0\" >\r\n      <div class=\"icon_content \">\r\n            <div class=\"icon\">\r\n         <span class=\" icon-bow-and-arrow\"><\/span>\r\n      <\/div>\r\n            <div class=\"txt_content\">\r\n                  <h3>\r\n            <a href=\"#\"  target=&quot;_blank&quot;  rel=&quot;nofollow&quot;>\r\n            Our Mission            <\/a>\r\n         <\/h3>\r\n                           <p>\r\n            Our mission is to provide professional, reliable and affordable solutions to entrepreneurs and companies who want to establish or operate a company in Poland, enabling them to achieve success and grow sustainably.         <\/p>\r\n                                 <\/div>\r\n   <\/div>\r\n   \r\n<\/div>\r\n\t\t<\/div>\n\t\t\t\t<\/div>\n\t\t\t\t\t<\/div>\n\t\t<\/div>\n\t\t\t\t<div class=\"elementor-column elementor-col-33 elementor-inner-column elementor-element elementor-element-f0b5114\" data-id=\"f0b5114\" data-element_type=\"column\">\n\t\t\t<div class=\"elementor-widget-wrap elementor-element-populated\">\n\t\t\t\t\t\t<div class=\"elementor-element elementor-element-cc66363 elementor-widget elementor-widget-creote-iconbox-v1\" data-id=\"cc66363\" data-element_type=\"widget\" data-widget_type=\"creote-iconbox-v1.default\">\n\t\t\t\t<div class=\"elementor-widget-container\">\n\t\t\t<div class=\"icon_box_all  style_three\"   data-aos=\"fade-up\" data-aos-delay=\"0\"  data-aos-offset=\"0\" >\r\n      <div class=\"icon_content \">\r\n            <div class=\"icon\">\r\n         <span class=\" icon-growth\"><\/span>\r\n      <\/div>\r\n            <div class=\"txt_content\">\r\n                  <h3>\r\n            <a href=\"#\"  target=&quot;_blank&quot;  rel=&quot;nofollow&quot;>\r\n            Our Core Values            <\/a>\r\n         <\/h3>\r\n                           <p>\r\n            Make a Strong Start with Keynes!         <\/p>\r\n                                    <ul>\r\n                        <li>\r\n               Customer Focus: We always prioritize our customers' needs and priorities.            <\/li>\r\n                        <li>\r\n                    Professionalism: We offer our services to the highest standards.            <\/li>\r\n                        <li>\r\n                    Efficiency: We save time and costs by optimizing processes and using modern technology.            <\/li>\r\n                        <li>\r\n                    Transparency: We conduct all transactions in an open and transparent manner.            <\/li>\r\n                        <li>\r\n                    Trust: We establish a relationship based on trust with our customers.            <\/li>\r\n                     <\/ul>\r\n                        <\/div>\r\n   <\/div>\r\n   \r\n<\/div>\r\n\t\t<\/div>\n\t\t\t\t<\/div>\n\t\t\t\t\t<\/div>\n\t\t<\/div>\n\t\t\t\t<div class=\"elementor-column elementor-col-33 elementor-inner-column elementor-element elementor-element-6967ad5\" data-id=\"6967ad5\" data-element_type=\"column\">\n\t\t\t<div class=\"elementor-widget-wrap elementor-element-populated\">\n\t\t\t\t\t\t<div class=\"elementor-element elementor-element-47600fb elementor-widget elementor-widget-creote-iconbox-v1\" data-id=\"47600fb\" data-element_type=\"widget\" data-widget_type=\"creote-iconbox-v1.default\">\n\t\t\t\t<div class=\"elementor-widget-container\">\n\t\t\t<div class=\"icon_box_all  style_three\"   data-aos=\"fade-up\" data-aos-delay=\"0\"  data-aos-offset=\"0\" >\r\n      <div class=\"icon_content \">\r\n            <div class=\"icon\">\r\n         <span class=\" icon-binoculars\"><\/span>\r\n      <\/div>\r\n            <div class=\"txt_content\">\r\n                  <h3>\r\n            <a href=\"#\"  target=&quot;_blank&quot;  rel=&quot;nofollow&quot;>\r\n            Our Vision            <\/a>\r\n         <\/h3>\r\n                           <p>\r\n            To be the leading consultancy firm in the field of company formation and business management in Poland, to contribute to the economic development of Poland by providing the highest quality service to our customers.         <\/p>\r\n                                 <\/div>\r\n   <\/div>\r\n   \r\n<\/div>\r\n\t\t<\/div>\n\t\t\t\t<\/div>\n\t\t\t\t<div class=\"elementor-element elementor-element-851a7a3 elementor-widget elementor-widget-creote-simple-image-box-v1\" data-id=\"851a7a3\" data-element_type=\"widget\" data-widget_type=\"creote-simple-image-box-v1.default\">\n\t\t\t\t<div class=\"elementor-widget-container\">\n\t\t\t<div class=\"simple_image_boxes  parallax_cover\"   data-aos=\"fade-up\" data-aos-delay=\"0\"  data-aos-offset=\"0\" >\r\n   <img decoding=\"async\" src=\"https:\/\/themepanthers.com\/wp\/creote\/v-new\/wp-content\/uploads\/2021\/10\/icon-img-ab-2.jpg\" class=\"simp_img cover-parallax\" alt=\"\" \/>\r\n<\/div>\r\n\t\t<\/div>\n\t\t\t\t<\/div>\n\t\t\t\t\t<\/div>\n\t\t<\/div>\n\t\t\t\t\t<\/div>\n\t\t<\/section>\n\t\t\t\t\t<\/div>\n\t\t<\/div>\n\t\t\t\t\t<\/div>\n\t\t<\/section>\n\t\t\t\t<\/div>\n\t\t","protected":false},"excerpt":{"rendered":"<p>Where We Build Your Visions Since 2013, Operating in Poland. You have decided to run a business in Poland and don\u2019t know how to do it? Let us to professionally assist you through the company establishment in Poland. We\u2019ll manage your bookkeeping professionally using efficient technology to automate processes. You\u2019ll have clear financial information so [&hellip;]<\/p>\n","protected":false},"author":1,"featured_media":0,"parent":0,"menu_order":0,"comment_status":"closed","ping_status":"closed","template":"template-fullwidth.php","meta":{"content-type":"","footnotes":""},"class_list":["post-6443","page","type-page","status-publish","hentry"],"_links":{"self":[{"href":"https:\/\/erenkara.com\/keynes\/wp-json\/wp\/v2\/pages\/6443","targetHints":{"allow":["GET"]}}],"collection":[{"href":"https:\/\/erenkara.com\/keynes\/wp-json\/wp\/v2\/pages"}],"about":[{"href":"https:\/\/erenkara.com\/keynes\/wp-json\/wp\/v2\/types\/page"}],"author":[{"embeddable":true,"href":"https:\/\/erenkara.com\/keynes\/wp-json\/wp\/v2\/users\/1"}],"replies":[{"embeddable":true,"href":"https:\/\/erenkara.com\/keynes\/wp-json\/wp\/v2\/comments?post=6443"}],"version-history":[{"count":13,"href":"https:\/\/erenkara.com\/keynes\/wp-json\/wp\/v2\/pages\/6443\/revisions"}],"predecessor-version":[{"id":6656,"href":"https:\/\/erenkara.com\/keynes\/wp-json\/wp\/v2\/pages\/6443\/revisions\/6656"}],"wp:attachment":[{"href":"https:\/\/erenkara.com\/keynes\/wp-json\/wp\/v2\/media?parent=6443"}],"curies":[{"name":"wp","href":"https:\/\/api.w.org\/{rel}","templated":true}]}}